{"id":1797,"date":"2023-12-09T12:48:38","date_gmt":"2023-12-09T11:48:38","guid":{"rendered":"https:\/\/poznan-trend.eu\/miejsca-gdanska\/"},"modified":"2023-12-09T13:21:09","modified_gmt":"2023-12-09T12:21:09","slug":"gdansk","status":"publish","type":"page","link":"https:\/\/poznan-trend.eu\/pl\/gdansk","title":{"rendered":"Miejsca Gda\u0144ska"},"content":{"rendered":"\n<figure class=\"wp-block-table\"><table><tbody><tr><td>Gda\u0144sk przysz\u0142o\u015bci<\/td><td><a href=\"https:\/\/gdansk-future.eu\/uk\/\" target=\"_blank\" rel=\"noopener\">gdansk-future.eu<\/a><\/td><\/tr><tr><td>Jestem Gda\u0144sk<\/td><td><a href=\"https:\/\/igdansk.com\/uk\/\" target=\"_blank\" rel=\"noopener\">igdansk.com<\/a><\/td><\/tr><tr><td>Gda\u0144sk jest w modzie<\/td><td><a href=\"https:\/\/gdansk-trend.eu\/uk\/\" target=\"_blank\" rel=\"noopener\">gdansk-trend.eu<\/a><\/td><\/tr><tr><td>Gda\u0144ski<\/td><td><a href=\"https:\/\/gdanski.pro\/uk\/\" target=\"_blank\" rel=\"noopener\">gdanski.pro<\/a><\/td><\/tr><tr><td>One<\/td><td><a href=\"https:\/\/gdansk1.one\/uk\/\" target=\"_blank\" rel=\"noopener\">gdansk1.one<\/a><\/td><\/tr><tr><td>Ekologia<\/td><td><a href=\"https:\/\/gdansk-name.eu\/uk\/\" target=\"_blank\" rel=\"noopener\">gdansk-name.eu<\/a><\/td><\/tr><tr><td>Kobieta<\/td><td><a href=\"https:\/\/gdanskivchanka.eu\/uk\/\" target=\"_blank\" rel=\"noopener\">gdanskivchanka.eu<\/a><\/td><\/tr><tr><td>YES Gda\u0144sk<\/td><td><a href=\"https:\/\/gdanskyes.eu\/uk\/\" target=\"_blank\" rel=\"noopener\">gdanskyes.eu<\/a><\/td><\/tr><\/tbody><\/table><\/figure>\n\n\n\n<h2 class=\"wp-block-heading\">Polska<\/h2>\n\n\n\n<p><a href=\"\/pl\/warsaw\">Warszawa<\/a>, <a href=\"\/pl\/krakow\">Krak\u00f3w<\/a>, <a href=\"\/pl\/lodz\">\u0141\u00f3d\u017a<\/a>, <a href=\"\/pl\/gdansk\">Gda\u0144sk<\/a>, <a href=\"\/pl\/wroclaw\">Wroc\u0142aw<\/a>, <a href=\"\/pl\/poznan\">Pozna\u0144<\/a>, <a href=\"\/pl\/szczecin\">Szczecin<\/a>, <a href=\"\/pl\/bydgoszcz\">Bydgoszcz<\/a>.<\/p>\n","protected":false},"excerpt":{"rendered":"<p>Gda\u0144sk przysz\u0142o\u015bci gdansk-future.eu Jestem Gda\u0144sk igdansk.com Gda\u0144sk jest w modzie gdansk-trend.eu Gda\u0144ski gdanski.pro One gdansk1.one Ekologia gdansk-name.eu Kobieta gdanskivchanka.eu YES Gda\u0144sk gdanskyes.eu Polska Warszawa, Krak\u00f3w, \u0141\u00f3d\u017a, Gda\u0144sk, Wroc\u0142aw, Pozna\u0144, Szczecin, Bydgoszcz.<\/p>\n","protected":false},"author":112,"featured_media":0,"parent":0,"menu_order":0,"comment_status":"closed","ping_status":"closed","template":"","meta":{"footnotes":""},"class_list":["post-1797","page","type-page","status-publish"],"_links":{"self":[{"href":"https:\/\/poznan-trend.eu\/pl\/wp-json\/wp\/v2\/pages\/1797","targetHints":{"allow":["GET"]}}],"collection":[{"href":"https:\/\/poznan-trend.eu\/pl\/wp-json\/wp\/v2\/pages"}],"about":[{"href":"https:\/\/poznan-trend.eu\/pl\/wp-json\/wp\/v2\/types\/page"}],"author":[{"embeddable":true,"href":"https:\/\/poznan-trend.eu\/pl\/wp-json\/wp\/v2\/users\/112"}],"replies":[{"embeddable":true,"href":"https:\/\/poznan-trend.eu\/pl\/wp-json\/wp\/v2\/comments?post=1797"}],"version-history":[{"count":1,"href":"https:\/\/poznan-trend.eu\/pl\/wp-json\/wp\/v2\/pages\/1797\/revisions"}],"predecessor-version":[{"id":1798,"href":"https:\/\/poznan-trend.eu\/pl\/wp-json\/wp\/v2\/pages\/1797\/revisions\/1798"}],"wp:attachment":[{"href":"https:\/\/poznan-trend.eu\/pl\/wp-json\/wp\/v2\/media?parent=1797"}],"curies":[{"name":"wp","href":"https:\/\/api.w.org\/{rel}","templated":true}]}}