{"id":1799,"date":"2023-12-09T12:50:47","date_gmt":"2023-12-09T11:50:47","guid":{"rendered":"https:\/\/poznan-trend.eu\/miejsca-krakowskie\/"},"modified":"2023-12-09T13:21:22","modified_gmt":"2023-12-09T12:21:22","slug":"krakow","status":"publish","type":"page","link":"https:\/\/poznan-trend.eu\/pl\/krakow","title":{"rendered":"Miejsca Krakowskie"},"content":{"rendered":"\n<p> <figure class=\"wp-block-table\"><table><tbody><tr><td>Krak\u00f3w przysz\u0142o\u015bci<\/td><td><a href=\"https:\/\/krakow-future.eu\/uk\/\" target=\"_blank\" rel=\"noopener\">krakow-future.eu<\/a><\/td><\/tr><tr><td>Jestem z Krakowa<\/td><td><a href=\"https:\/\/ikrakow.net\/uk\/\" target=\"_blank\" rel=\"noopener\">ikrakow.net<\/a><\/td><\/tr><tr><td>Krak\u00f3w jest trendy<\/td><td><a href=\"https:\/\/krakow-trend.eu\/uk\/\" target=\"_blank\" rel=\"noopener\">krakow-trend.eu<\/a><\/td><\/tr><tr><td>Krak\u00f3wski<\/td><td><a href=\"https:\/\/krakowskiye.eu\/uk\/\" target=\"_blank\" rel=\"noopener\">krakowskiye.eu<\/a><\/td><\/tr><tr><td>One<\/td><td><a href=\"https:\/\/krakow1.one\/uk\/\" target=\"_blank\" rel=\"noopener\">krakow1.one<\/a><\/td><\/tr><tr><td>Ekologia<\/td><td><a href=\"https:\/\/krakow-name.eu\/uk\/\" target=\"_blank\" rel=\"noopener\">krakow-name.eu<\/a><\/td><\/tr><tr><td>Kobieta<\/td><td><a href=\"https:\/\/krakowchanka.eu\/uk\/\" target=\"_blank\" rel=\"noopener\">krakowchanka.eu<\/a><\/td><\/tr><tr><td>YES Krak\u00f3w<\/td><td><a href=\"https:\/\/krakowyes.eu\/uk\/\" target=\"_blank\" rel=\"noopener\">krakowyes.eu<\/a><\/td><\/tr><\/tbody><\/table><\/figure>   <h2 class=\"wp-block-heading\">Polska<\/h2>   <p><a href=\"\/pl\/warsaw\">Warszawa<\/a>, <a href=\"\/pl\/krakow\">Krak\u00f3w<\/a>, <a href=\"\/pl\/lodz\">\u0141\u00f3d\u017a<\/a>, <a href=\"\/pl\/gdansk\">Gda\u0144sk<\/a>, <a href=\"\/pl\/wroclaw\">Wroc\u0142aw<\/a>, <a href=\"\/pl\/poznan\">Pozna\u0144<\/a>, <a href=\"\/pl\/szczecin\">Szczecin<\/a>, <a href=\"\/pl\/bydgoszcz\">Bydgoszcz<\/a>.<\/p> <\/p>\n","protected":false},"excerpt":{"rendered":"<p>Krak\u00f3w przysz\u0142o\u015bci krakow-future.eu Jestem z Krakowa ikrakow.net Krak\u00f3w jest trendy krakow-trend.eu Krak\u00f3wski krakowskiye.eu One krakow1.one Ekologia krakow-name.eu Kobieta krakowchanka.eu YES Krak\u00f3w krakowyes.eu Polska Warszawa, Krak\u00f3w, \u0141\u00f3d\u017a, Gda\u0144sk, Wroc\u0142aw, Pozna\u0144, Szczecin, Bydgoszcz.<\/p>\n","protected":false},"author":112,"featured_media":0,"parent":0,"menu_order":0,"comment_status":"closed","ping_status":"closed","template":"","meta":{"footnotes":""},"class_list":["post-1799","page","type-page","status-publish"],"_links":{"self":[{"href":"https:\/\/poznan-trend.eu\/pl\/wp-json\/wp\/v2\/pages\/1799","targetHints":{"allow":["GET"]}}],"collection":[{"href":"https:\/\/poznan-trend.eu\/pl\/wp-json\/wp\/v2\/pages"}],"about":[{"href":"https:\/\/poznan-trend.eu\/pl\/wp-json\/wp\/v2\/types\/page"}],"author":[{"embeddable":true,"href":"https:\/\/poznan-trend.eu\/pl\/wp-json\/wp\/v2\/users\/112"}],"replies":[{"embeddable":true,"href":"https:\/\/poznan-trend.eu\/pl\/wp-json\/wp\/v2\/comments?post=1799"}],"version-history":[{"count":1,"href":"https:\/\/poznan-trend.eu\/pl\/wp-json\/wp\/v2\/pages\/1799\/revisions"}],"predecessor-version":[{"id":1800,"href":"https:\/\/poznan-trend.eu\/pl\/wp-json\/wp\/v2\/pages\/1799\/revisions\/1800"}],"wp:attachment":[{"href":"https:\/\/poznan-trend.eu\/pl\/wp-json\/wp\/v2\/media?parent=1799"}],"curies":[{"name":"wp","href":"https:\/\/api.w.org\/{rel}","templated":true}]}}