{"id":1801,"date":"2023-12-09T12:52:49","date_gmt":"2023-12-09T11:52:49","guid":{"rendered":"https:\/\/poznan-trend.eu\/miejsca-poznania\/"},"modified":"2023-12-09T13:21:48","modified_gmt":"2023-12-09T12:21:48","slug":"poznan","status":"publish","type":"page","link":"https:\/\/poznan-trend.eu\/pl\/poznan","title":{"rendered":"Miejsca Poznania"},"content":{"rendered":"\n<figure class=\"wp-block-table\"><table><tbody><tr><td>Odkryj przysz\u0142o\u015b\u0107<\/td><td><a href=\"https:\/\/poznan-future.eu\" target=\"_blank\" rel=\"noopener\">poznan-future.eu<\/a><\/td><\/tr><tr><td>Jestem z Poznania<\/td><td><a href=\"https:\/\/ipoznan.net\" target=\"_blank\" rel=\"noreferrer noopener\"><\/a><a href=\"https:\/\/ipoznan.net\" target=\"_blank\" rel=\"noreferrer noopener\">ipoznan.net<\/a><\/td><\/tr><tr><td>Pozna\u0144 jest w trendzie<\/td><td><a href=\"https:\/\/poznan-trend.eu\" target=\"_blank\" rel=\"noreferrer noopener\">poznan-trend.eu<\/a><\/td><\/tr><tr><td>Pozna\u0144iski<\/td><td><a href=\"https:\/\/poznaniski.eu\" target=\"_blank\" rel=\"noreferrer noopener\">poznaniski.eu<\/a><\/td><\/tr><tr><td>One<\/td><td><a href=\"https:\/\/poznan1.one\" target=\"_blank\" rel=\"noreferrer noopener\">poznan1.one<\/a><\/td><\/tr><tr><td>Ekologia<\/td><td><a href=\"https:\/\/poznan-name.eu\" target=\"_blank\" rel=\"noreferrer noopener\"><\/a><a href=\"https:\/\/poznan-name.eu\/\" target=\"_blank\" rel=\"noreferrer noopener\">poznan-name.eu<\/a><\/td><\/tr><tr><td>Kobieta<\/td><td><a href=\"https:\/\/poznanka.eu\" target=\"_blank\" rel=\"noreferrer noopener\"><\/a><a href=\"https:\/\/poznanka.eu\/\" target=\"_blank\" rel=\"noreferrer noopener\">poznanka.eu<\/a><\/td><\/tr><tr><td>YES Pozna\u0144<\/td><td><a href=\"https:\/\/poznanyes.eu\" target=\"_blank\" rel=\"noreferrer noopener\">poznanyes.eu<\/a><\/td><\/tr><\/tbody><\/table><\/figure>\n\n\n\n<h2 class=\"wp-block-heading\">Polska<\/h2>\n\n\n\n<p><a href=\"\/pl\/warsaw\">Warszawa<\/a>, <a href=\"\/pl\/krakow\">Krak\u00f3w<\/a>, <a href=\"\/pl\/lodz\">\u0141\u00f3d\u017a<\/a>, <a href=\"\/pl\/gdansk\">Gda\u0144sk<\/a>, <a href=\"\/pl\/wroclaw\">Wroc\u0142aw<\/a>, <a href=\"\/pl\/poznan\">Pozna\u0144<\/a>, <a href=\"\/pl\/szczecin\">Szczecin<\/a>, <a href=\"\/pl\/bydgoszcz\">Bydgoszcz<\/a>.<\/p>\n","protected":false},"excerpt":{"rendered":"<p>Odkryj przysz\u0142o\u015b\u0107 poznan-future.eu Jestem z Poznania ipoznan.net Pozna\u0144 jest w trendzie poznan-trend.eu Pozna\u0144iski poznaniski.eu One poznan1.one Ekologia poznan-name.eu Kobieta poznanka.eu YES Pozna\u0144 poznanyes.eu Polska Warszawa, Krak\u00f3w, \u0141\u00f3d\u017a, Gda\u0144sk, Wroc\u0142aw, Pozna\u0144, Szczecin, Bydgoszcz.<\/p>\n","protected":false},"author":112,"featured_media":0,"parent":0,"menu_order":0,"comment_status":"closed","ping_status":"closed","template":"","meta":{"footnotes":""},"class_list":["post-1801","page","type-page","status-publish"],"_links":{"self":[{"href":"https:\/\/poznan-trend.eu\/pl\/wp-json\/wp\/v2\/pages\/1801","targetHints":{"allow":["GET"]}}],"collection":[{"href":"https:\/\/poznan-trend.eu\/pl\/wp-json\/wp\/v2\/pages"}],"about":[{"href":"https:\/\/poznan-trend.eu\/pl\/wp-json\/wp\/v2\/types\/page"}],"author":[{"embeddable":true,"href":"https:\/\/poznan-trend.eu\/pl\/wp-json\/wp\/v2\/users\/112"}],"replies":[{"embeddable":true,"href":"https:\/\/poznan-trend.eu\/pl\/wp-json\/wp\/v2\/comments?post=1801"}],"version-history":[{"count":1,"href":"https:\/\/poznan-trend.eu\/pl\/wp-json\/wp\/v2\/pages\/1801\/revisions"}],"predecessor-version":[{"id":1802,"href":"https:\/\/poznan-trend.eu\/pl\/wp-json\/wp\/v2\/pages\/1801\/revisions\/1802"}],"wp:attachment":[{"href":"https:\/\/poznan-trend.eu\/pl\/wp-json\/wp\/v2\/media?parent=1801"}],"curies":[{"name":"wp","href":"https:\/\/api.w.org\/{rel}","templated":true}]}}