{"id":1803,"date":"2023-12-09T12:55:16","date_gmt":"2023-12-09T11:55:16","guid":{"rendered":"https:\/\/poznan-trend.eu\/miejsca-szczecin\/"},"modified":"2023-12-09T13:22:11","modified_gmt":"2023-12-09T12:22:11","slug":"szczecin","status":"publish","type":"page","link":"https:\/\/poznan-trend.eu\/pl\/szczecin","title":{"rendered":"Miejsca Szczecin"},"content":{"rendered":"\n<figure class=\"wp-block-table\"><table><tbody><tr><td>Szczecin przysz\u0142o\u015bci<\/td><td><a href=\"https:\/\/wroclaw-future.eu\" target=\"_blank\" rel=\"noopener\"><\/a><a href=\"https:\/\/\" target=\"_blank\" rel=\"noreferrer noopener\">Szczecin<\/a><\/td><\/tr><tr><td>Jestem Szczecin<\/td><td><a href=\"https:\/\/\" target=\"_blank\" rel=\"noreferrer noopener\">Szczecin<\/a><\/td><\/tr><tr><td>Szczecin jest w modzie<\/td><td><a href=\"https:\/\/\" target=\"_blank\" rel=\"noreferrer noopener\">Szczecin<\/a><\/td><\/tr><tr><td>Szczeciniski<\/td><td><a href=\"https:\/\/\" target=\"_blank\" rel=\"noreferrer noopener\">Szczecin<\/a><\/td><\/tr><tr><td>One<\/td><td><a href=\"https:\/\/wroclaw.one\" target=\"_blank\" rel=\"noreferrer noopener\"><\/a><a href=\"https:\/\/\" target=\"_blank\" rel=\"noreferrer noopener\">Szczecin<\/a><\/td><\/tr><tr><td>Ekologia<\/td><td><a href=\"https:\/\/\" target=\"_blank\" rel=\"noreferrer noopener\">Szczecin<\/a><\/td><\/tr><tr><td>Kobieta<\/td><td><a href=\"https:\/\/\" target=\"_blank\" rel=\"noreferrer noopener\">Szczecin<\/a><\/td><\/tr><tr><td>Yes Szczecin<\/td><td><a href=\"https:\/\/wroclawyes.eu\" target=\"_blank\" rel=\"noreferrer noopener\">Szczecin<\/a><\/td><\/tr><\/tbody><\/table><\/figure>\n\n\n\n<h2 class=\"wp-block-heading\">Polska<\/h2>\n\n\n\n<p><a href=\"\/pl\/warsaw\">Warszawa<\/a>, <a href=\"\/pl\/krakow\">Krak\u00f3w<\/a>, <a href=\"\/pl\/lodz\">\u0141\u00f3d\u017a<\/a>, <a href=\"\/pl\/gdansk\">Gda\u0144sk<\/a>, <a href=\"\/pl\/wroclaw\">Wroc\u0142aw<\/a>, <a href=\"\/pl\/poznan\">Pozna\u0144<\/a>, <a href=\"\/pl\/szczecin\">Szczecin<\/a>, <a href=\"\/pl\/bydgoszcz\">Bydgoszcz<\/a>.<\/p>\n","protected":false},"excerpt":{"rendered":"<p>Szczecin przysz\u0142o\u015bci Szczecin Jestem Szczecin Szczecin Szczecin jest w modzie Szczecin Szczeciniski Szczecin One Szczecin Ekologia Szczecin Kobieta Szczecin Yes Szczecin Szczecin Polska Warszawa, Krak\u00f3w, \u0141\u00f3d\u017a, Gda\u0144sk, Wroc\u0142aw, Pozna\u0144, Szczecin, Bydgoszcz.<\/p>\n","protected":false},"author":112,"featured_media":0,"parent":0,"menu_order":0,"comment_status":"closed","ping_status":"closed","template":"","meta":{"footnotes":""},"class_list":["post-1803","page","type-page","status-publish"],"_links":{"self":[{"href":"https:\/\/poznan-trend.eu\/pl\/wp-json\/wp\/v2\/pages\/1803","targetHints":{"allow":["GET"]}}],"collection":[{"href":"https:\/\/poznan-trend.eu\/pl\/wp-json\/wp\/v2\/pages"}],"about":[{"href":"https:\/\/poznan-trend.eu\/pl\/wp-json\/wp\/v2\/types\/page"}],"author":[{"embeddable":true,"href":"https:\/\/poznan-trend.eu\/pl\/wp-json\/wp\/v2\/users\/112"}],"replies":[{"embeddable":true,"href":"https:\/\/poznan-trend.eu\/pl\/wp-json\/wp\/v2\/comments?post=1803"}],"version-history":[{"count":1,"href":"https:\/\/poznan-trend.eu\/pl\/wp-json\/wp\/v2\/pages\/1803\/revisions"}],"predecessor-version":[{"id":1804,"href":"https:\/\/poznan-trend.eu\/pl\/wp-json\/wp\/v2\/pages\/1803\/revisions\/1804"}],"wp:attachment":[{"href":"https:\/\/poznan-trend.eu\/pl\/wp-json\/wp\/v2\/media?parent=1803"}],"curies":[{"name":"wp","href":"https:\/\/api.w.org\/{rel}","templated":true}]}}