{"id":1805,"date":"2023-12-09T12:58:05","date_gmt":"2023-12-09T11:58:05","guid":{"rendered":"https:\/\/poznan-trend.eu\/miejsca-warszawskie\/"},"modified":"2023-12-09T13:22:27","modified_gmt":"2023-12-09T12:22:27","slug":"warsaw","status":"publish","type":"page","link":"https:\/\/poznan-trend.eu\/pl\/warsaw","title":{"rendered":"Miejsca Warszawskie"},"content":{"rendered":"\n<figure class=\"wp-block-table\"><table><tbody><tr><td>trendzie<\/td><td><a href=\"https:\/\/warsaw-trend.eu\" target=\"_blank\" rel=\"noreferrer noopener\">warsaw-trend.eu<\/a><\/td><\/tr><tr><td>Warszawski<\/td><td><a href=\"https:\/\/warsawski.eu\" target=\"_blank\" rel=\"noreferrer noopener\">warsawski.eu<\/a><\/td><\/tr><tr><td>One<\/td><td><a href=\"https:\/\/warsaw1.one\/\" target=\"_blank\" rel=\"noreferrer noopener\">warsaw1.one<\/a><\/td><\/tr><tr><td>Ekologia<\/td><td><a href=\"https:\/\/warsaw-name.eu\" target=\"_blank\" rel=\"noreferrer noopener\">warsaw-name.eu<\/a><\/td><\/tr><tr><td>Kobieta<\/td><td><a href=\"https:\/\/warsawka.eu\" target=\"_blank\" rel=\"noreferrer noopener\">warsawka.eu<\/a><\/td><\/tr><tr><td>YES Warszawa<\/td><td><a href=\"https:\/\/warsawyes.com\/\" target=\"_blank\" rel=\"noreferrer noopener\">warsawyes.com<\/a><\/td><\/tr><\/tbody><\/table><\/figure>\n\n\n\n<h2 class=\"wp-block-heading\" id=\"block-a58c882f-fe90-4494-bc0d-b6b93450915a\">Polska<\/h2>\n\n\n\n<p id=\"block-b20acc1a-020b-4729-b2b7-d0e323ffdbe1\"><a href=\"\/pl\/warsaw\">Warszawa<\/a>, <a href=\"\/pl\/krakow\">Krak\u00f3w<\/a>, <a href=\"\/pl\/lodz\">\u0141\u00f3d\u017a<\/a>, <a href=\"\/pl\/gdansk\">Gda\u0144sk<\/a>, <a href=\"\/pl\/wroclaw\">Wroc\u0142aw<\/a>, <a href=\"\/pl\/poznan\">Pozna\u0144<\/a>, <a href=\"\/pl\/szczecin\">Szczecin<\/a>, <a href=\"\/pl\/bydgoszcz\">Bydgoszcz<\/a>.<\/p>\n","protected":false},"excerpt":{"rendered":"<p>trendzie warsaw-trend.eu Warszawski warsawski.eu One warsaw1.one Ekologia warsaw-name.eu Kobieta warsawka.eu YES Warszawa warsawyes.com Polska Warszawa, Krak\u00f3w, \u0141\u00f3d\u017a, Gda\u0144sk, Wroc\u0142aw, Pozna\u0144, Szczecin, Bydgoszcz.<\/p>\n","protected":false},"author":112,"featured_media":0,"parent":0,"menu_order":0,"comment_status":"closed","ping_status":"closed","template":"","meta":{"footnotes":""},"class_list":["post-1805","page","type-page","status-publish"],"_links":{"self":[{"href":"https:\/\/poznan-trend.eu\/pl\/wp-json\/wp\/v2\/pages\/1805","targetHints":{"allow":["GET"]}}],"collection":[{"href":"https:\/\/poznan-trend.eu\/pl\/wp-json\/wp\/v2\/pages"}],"about":[{"href":"https:\/\/poznan-trend.eu\/pl\/wp-json\/wp\/v2\/types\/page"}],"author":[{"embeddable":true,"href":"https:\/\/poznan-trend.eu\/pl\/wp-json\/wp\/v2\/users\/112"}],"replies":[{"embeddable":true,"href":"https:\/\/poznan-trend.eu\/pl\/wp-json\/wp\/v2\/comments?post=1805"}],"version-history":[{"count":1,"href":"https:\/\/poznan-trend.eu\/pl\/wp-json\/wp\/v2\/pages\/1805\/revisions"}],"predecessor-version":[{"id":1806,"href":"https:\/\/poznan-trend.eu\/pl\/wp-json\/wp\/v2\/pages\/1805\/revisions\/1806"}],"wp:attachment":[{"href":"https:\/\/poznan-trend.eu\/pl\/wp-json\/wp\/v2\/media?parent=1805"}],"curies":[{"name":"wp","href":"https:\/\/api.w.org\/{rel}","templated":true}]}}