{"id":1807,"date":"2023-12-09T13:08:05","date_gmt":"2023-12-09T12:08:05","guid":{"rendered":"https:\/\/poznan-trend.eu\/miejsca-wroclawia\/"},"modified":"2023-12-09T13:22:55","modified_gmt":"2023-12-09T12:22:55","slug":"wroclaw","status":"publish","type":"page","link":"https:\/\/poznan-trend.eu\/pl\/wroclaw","title":{"rendered":"Miejsca Wroc\u0142awia"},"content":{"rendered":"\n<figure class=\"wp-block-table\"><table><tbody><tr><td>Wroc\u0142aw przysz\u0142o\u015bci<\/td><td><a href=\"https:\/\/wroclaw-future.eu\" target=\"_blank\" rel=\"noopener\"><\/a><a href=\"https:\/\/wroclaw-future.eu\/\" target=\"_blank\" rel=\"noreferrer noopener\">wroclaw-future.eu<\/a><\/td><\/tr><tr><td>Jestem Wroc\u0142aw<\/td><td><a href=\"https:\/\/iwroclaw.com\" target=\"_blank\" rel=\"noreferrer noopener\">iwroclaw.com<\/a><\/td><\/tr><tr><td>Wroc\u0142aw jest w modzie<\/td><td><a href=\"https:\/\/wroclaw-trend.eu\" target=\"_blank\" rel=\"noreferrer noopener\">wroclaw-trend.eu<\/a><\/td><\/tr><tr><td>Wroc\u0142awiski<\/td><td><a href=\"https:\/\/wroclawiski.eu\" target=\"_blank\" rel=\"noreferrer noopener\">wroclawiski.eu<\/a><\/td><\/tr><tr><td>One<\/td><td><a href=\"https:\/\/wroclaw.one\" target=\"_blank\" rel=\"noreferrer noopener\"><\/a><a href=\"https:\/\/wroclaw.one\/\" target=\"_blank\" rel=\"noreferrer noopener\">wroclaw.one<\/a><\/td><\/tr><tr><td>Ekologia<\/td><td><a href=\"https:\/\/wroclaw.name\" target=\"_blank\" rel=\"noreferrer noopener\">wroclaw.name<\/a><\/td><\/tr><tr><td>Kobieta<\/td><td><a href=\"https:\/\/wroclawanka.eu\" target=\"_blank\" rel=\"noreferrer noopener\">wroclawanka.eu<\/a><\/td><\/tr><tr><td>Yes Wroc\u0142aw<\/td><td><a href=\"https:\/\/wroclawyes.eu\" target=\"_blank\" rel=\"noreferrer noopener\">wroclawyes.eu<\/a><\/td><\/tr><\/tbody><\/table><\/figure>\n\n\n\n<h2 class=\"wp-block-heading\">Polska<\/h2>\n\n\n\n<p><a href=\"\/pl\/warsaw\">Warszawa<\/a>, <a href=\"\/pl\/krakow\">Krak\u00f3w<\/a>, <a href=\"\/pl\/lodz\">\u0141\u00f3d\u017a<\/a>, <a href=\"\/pl\/gdansk\">Gda\u0144sk<\/a>, <a href=\"\/pl\/wroclaw\">Wroc\u0142aw<\/a>, <a href=\"\/pl\/poznan\">Pozna\u0144<\/a>, <a href=\"\/pl\/szczecin\">Szczecin<\/a>, <a href=\"\/pl\/bydgoszcz\">Bydgoszcz<\/a>.<\/p>\n","protected":false},"excerpt":{"rendered":"<p>Wroc\u0142aw przysz\u0142o\u015bci wroclaw-future.eu Jestem Wroc\u0142aw iwroclaw.com Wroc\u0142aw jest w modzie wroclaw-trend.eu Wroc\u0142awiski wroclawiski.eu One wroclaw.one Ekologia wroclaw.name Kobieta wroclawanka.eu Yes Wroc\u0142aw wroclawyes.eu Polska Warszawa, Krak\u00f3w, \u0141\u00f3d\u017a, Gda\u0144sk, Wroc\u0142aw, Pozna\u0144, Szczecin, Bydgoszcz.<\/p>\n","protected":false},"author":112,"featured_media":0,"parent":0,"menu_order":0,"comment_status":"closed","ping_status":"closed","template":"","meta":{"footnotes":""},"class_list":["post-1807","page","type-page","status-publish"],"_links":{"self":[{"href":"https:\/\/poznan-trend.eu\/pl\/wp-json\/wp\/v2\/pages\/1807","targetHints":{"allow":["GET"]}}],"collection":[{"href":"https:\/\/poznan-trend.eu\/pl\/wp-json\/wp\/v2\/pages"}],"about":[{"href":"https:\/\/poznan-trend.eu\/pl\/wp-json\/wp\/v2\/types\/page"}],"author":[{"embeddable":true,"href":"https:\/\/poznan-trend.eu\/pl\/wp-json\/wp\/v2\/users\/112"}],"replies":[{"embeddable":true,"href":"https:\/\/poznan-trend.eu\/pl\/wp-json\/wp\/v2\/comments?post=1807"}],"version-history":[{"count":1,"href":"https:\/\/poznan-trend.eu\/pl\/wp-json\/wp\/v2\/pages\/1807\/revisions"}],"predecessor-version":[{"id":1808,"href":"https:\/\/poznan-trend.eu\/pl\/wp-json\/wp\/v2\/pages\/1807\/revisions\/1808"}],"wp:attachment":[{"href":"https:\/\/poznan-trend.eu\/pl\/wp-json\/wp\/v2\/media?parent=1807"}],"curies":[{"name":"wp","href":"https:\/\/api.w.org\/{rel}","templated":true}]}}