{"id":1809,"date":"2023-12-09T13:10:23","date_gmt":"2023-12-09T12:10:23","guid":{"rendered":"https:\/\/poznan-trend.eu\/lodzkie-strony\/"},"modified":"2023-12-09T13:24:52","modified_gmt":"2023-12-09T12:24:52","slug":"lodz","status":"publish","type":"page","link":"https:\/\/poznan-trend.eu\/pl\/lodz","title":{"rendered":"\u0141\u00f3dzkie strony"},"content":{"rendered":"\n<figure class=\"wp-block-table\"><table><tbody><tr><td>\u0141\u00f3d\u017a przysz\u0142o\u015bci<\/td><td><a href=\"https:\/\/lodz-future.eu\/\" target=\"_blank\" rel=\"noopener\">lodz-future.eu<\/a><\/td><\/tr><tr><td>Jestem \u0141\u00f3d\u017a<\/td><td><a href=\"https:\/\/ilodz.com\/\" target=\"_blank\" rel=\"noreferrer noopener\">ilodz.com<\/a><\/td><\/tr><tr><td>\u0141\u00f3d\u017a jest w trendzie<\/td><td><a href=\"https:\/\/lodz-trend.eu\/\" target=\"_blank\" rel=\"noreferrer noopener\">lodz-trend.eu<\/a><\/td><\/tr><tr><td>\u0141\u00f3dzki<\/td><td><a href=\"https:\/\/lodzski.eu\/\" target=\"_blank\" rel=\"noreferrer noopener\">lodzski.eu<\/a><\/td><\/tr><tr><td>One<\/td><td><a href=\"https:\/\/lodz.one\/\" target=\"_blank\" rel=\"noreferrer noopener\">lodz.one<\/a><\/td><\/tr><tr><td>Ekologia<\/td><td><a href=\"https:\/\/lodz-name.eu\/\" target=\"_blank\" rel=\"noreferrer noopener\">lodz-name.eu<\/a><\/td><\/tr><tr><td>Kobieta<\/td><td><a href=\"https:\/\/lodzanka.eu\/\" target=\"_blank\" rel=\"noreferrer noopener\">lodzanka.eu<\/a><\/td><\/tr><tr><td>YES \u0141\u00f3d\u017a<\/td><td><a href=\"https:\/\/lodzyes.eu\/\" target=\"_blank\" rel=\"noreferrer noopener\">lodzyes.eu<\/a><\/td><\/tr><\/tbody><\/table><\/figure>\n\n\n\n<h2 class=\"wp-block-heading\">Polska<\/h2>\n\n\n\n<p><a href=\"\/pl\/warsaw\">Warszawa<\/a>, <a href=\"\/pl\/krakow\">Krak\u00f3w<\/a>, <a href=\"\/pl\/lodz\">\u0141\u00f3d\u017a<\/a>, <a href=\"\/pl\/gdansk\">Gda\u0144sk<\/a>, <a href=\"\/pl\/wroclaw\">Wroc\u0142aw<\/a>, <a href=\"\/pl\/poznan\">Pozna\u0144<\/a>, <a href=\"\/pl\/szczecin\">Szczecin<\/a>, <a href=\"\/pl\/bydgoszcz\">Bydgoszcz<\/a>.<\/p>\n","protected":false},"excerpt":{"rendered":"<p>\u0141\u00f3d\u017a przysz\u0142o\u015bci lodz-future.eu Jestem \u0141\u00f3d\u017a ilodz.com \u0141\u00f3d\u017a jest w trendzie lodz-trend.eu \u0141\u00f3dzki lodzski.eu One lodz.one Ekologia lodz-name.eu Kobieta lodzanka.eu YES \u0141\u00f3d\u017a lodzyes.eu Polska Warszawa, Krak\u00f3w, \u0141\u00f3d\u017a, Gda\u0144sk, Wroc\u0142aw, Pozna\u0144, Szczecin, Bydgoszcz.<\/p>\n","protected":false},"author":112,"featured_media":0,"parent":0,"menu_order":0,"comment_status":"closed","ping_status":"closed","template":"","meta":{"footnotes":""},"class_list":["post-1809","page","type-page","status-publish"],"_links":{"self":[{"href":"https:\/\/poznan-trend.eu\/pl\/wp-json\/wp\/v2\/pages\/1809","targetHints":{"allow":["GET"]}}],"collection":[{"href":"https:\/\/poznan-trend.eu\/pl\/wp-json\/wp\/v2\/pages"}],"about":[{"href":"https:\/\/poznan-trend.eu\/pl\/wp-json\/wp\/v2\/types\/page"}],"author":[{"embeddable":true,"href":"https:\/\/poznan-trend.eu\/pl\/wp-json\/wp\/v2\/users\/112"}],"replies":[{"embeddable":true,"href":"https:\/\/poznan-trend.eu\/pl\/wp-json\/wp\/v2\/comments?post=1809"}],"version-history":[{"count":1,"href":"https:\/\/poznan-trend.eu\/pl\/wp-json\/wp\/v2\/pages\/1809\/revisions"}],"predecessor-version":[{"id":1810,"href":"https:\/\/poznan-trend.eu\/pl\/wp-json\/wp\/v2\/pages\/1809\/revisions\/1810"}],"wp:attachment":[{"href":"https:\/\/poznan-trend.eu\/pl\/wp-json\/wp\/v2\/media?parent=1809"}],"curies":[{"name":"wp","href":"https:\/\/api.w.org\/{rel}","templated":true}]}}